{"id":1077,"date":"2023-02-14T10:12:57","date_gmt":"2023-02-14T09:12:57","guid":{"rendered":"http:\/\/tf891nap.at.edis.global\/?post_type=product&#038;p=1077"},"modified":"2025-12-18T10:42:39","modified_gmt":"2025-12-18T09:42:39","slug":"22-blockdoppelbuechse-scheiring-h-u-h-kal-8x75-rs-wl-20-70","status":"publish","type":"product","link":"https:\/\/www.jagdwaffen-scheiring.at\/en\/product\/22-blockdoppelbuechse-scheiring-h-u-h-kal-8x75-rs-wl-20-70\/","title":{"rendered":"22 &#8211; Blockdoppelb\u00fcchse Scheiring H&#038;H Kal 8x75RS WL 20\/70"},"content":{"rendered":"<p><strong>System:\u00a0<\/strong>BLOCK-ACTION DOUBLE-BARREL RIFLE<\/p>\n<p>H&amp;H Modell Scheiring<\/p>\n<p>Doppelabzug<br \/>\nVorderer Abzug als R\u00fcckstecher ausgef\u00fchrt<br \/>\nH&amp;H Ejektor<\/p>\n<p><strong>Kaliber: <\/strong>8x75RS<\/p>\n<p><strong>Z<\/strong><strong>ielfernrohr:\u00a0<\/strong>\u00a01,5 &#8211; 6 x 42\u00a0\u00a0Zeiss Variopoint V<\/p>\n<p><strong>Wechsellauf:\u00a0<\/strong>20\/70 Schrot<\/p>\n<p><strong>Z<\/strong><strong>ielfernrohr:\u00a0<\/strong>1,25 &#8211; 4 x 24 Habicht<\/p>\n<p><strong>Gravur:\u00a0<\/strong>Buquetgravur mit englischer Arabeskenerg\u00e4nzung, eingelagerten erhabenen Goldrosen und Silberbl\u00fcten<\/p>\n<p>System schwarz oxydiert Waffe und Zubeh\u00f6r im Ma\u00dfkoffer mit Ledergriff und Zahlenschl\u00f6ssern<\/p>","protected":false},"excerpt":{"rendered":"<p>System:\u00a0Blockdoppelb\u00fcchse H&amp;H Modell Scheiring Doppelabzug Vorderer Abzug als R\u00fcckstecher ausgef\u00fchrt H&amp;H Ejektor Kaliber: 8x75RS Zielfernrohr:\u00a0\u00a01,5 &#8211; 6 x 42\u00a0\u00a0Zeiss Variopoint V Wechsellauf:\u00a020\/70 Schrot Zielfernrohr:\u00a01,25 &#8211; 4 x 24 Habicht Gravur:\u00a0Buquetgravur mit englischer Arabeskenerg\u00e4nzung, eingelagerten erhabenen Goldrosen und Silberbl\u00fcten System schwarz oxydiert Waffe und Zubeh\u00f6r im Ma\u00dfkoffer mit Ledergriff und Zahlenschl\u00f6ssern<\/p>","protected":false},"featured_media":1078,"template":"","meta":{"_et_pb_use_builder":"","_et_pb_old_content":"","_et_gb_content_width":""},"product_brand":[],"product_cat":[29],"product_tag":[],"class_list":{"0":"post-1077","1":"product","2":"type-product","3":"status-publish","4":"has-post-thumbnail","6":"product_cat-gebrauchtwaffen","8":"first","9":"instock","10":"shipping-taxable","11":"product-type-simple"},"_links":{"self":[{"href":"https:\/\/www.jagdwaffen-scheiring.at\/en\/wp-json\/wp\/v2\/product\/1077","targetHints":{"allow":["GET"]}}],"collection":[{"href":"https:\/\/www.jagdwaffen-scheiring.at\/en\/wp-json\/wp\/v2\/product"}],"about":[{"href":"https:\/\/www.jagdwaffen-scheiring.at\/en\/wp-json\/wp\/v2\/types\/product"}],"wp:featuredmedia":[{"embeddable":true,"href":"https:\/\/www.jagdwaffen-scheiring.at\/en\/wp-json\/wp\/v2\/media\/1078"}],"wp:attachment":[{"href":"https:\/\/www.jagdwaffen-scheiring.at\/en\/wp-json\/wp\/v2\/media?parent=1077"}],"wp:term":[{"taxonomy":"product_brand","embeddable":true,"href":"https:\/\/www.jagdwaffen-scheiring.at\/en\/wp-json\/wp\/v2\/product_brand?post=1077"},{"taxonomy":"product_cat","embeddable":true,"href":"https:\/\/www.jagdwaffen-scheiring.at\/en\/wp-json\/wp\/v2\/product_cat?post=1077"},{"taxonomy":"product_tag","embeddable":true,"href":"https:\/\/www.jagdwaffen-scheiring.at\/en\/wp-json\/wp\/v2\/product_tag?post=1077"}],"curies":[{"name":"wp","href":"https:\/\/api.w.org\/{rel}","templated":true}]}}