{"id":1085,"date":"2023-02-14T10:15:46","date_gmt":"2023-02-14T09:15:46","guid":{"rendered":"http:\/\/tf891nap.at.edis.global\/?post_type=product&#038;p=1085"},"modified":"2023-02-14T10:15:46","modified_gmt":"2023-02-14T09:15:46","slug":"21-blockdoppelbuechse-roundbody-kal-425-african-scheiring","status":"publish","type":"product","link":"https:\/\/www.jagdwaffen-scheiring.at\/en\/product\/21-blockdoppelbuechse-roundbody-kal-425-african-scheiring\/","title":{"rendered":"21 &#8211; Blockdoppelb\u00fcchse Roundbody Kal 425 African Scheiring"},"content":{"rendered":"<p><strong>SOLD<\/strong><\/p>\n<p><strong>System:\u00a0<\/strong>Scheiring Blockdoppelb\u00fcchse Roundbody Einabzug f\u00fcr beide L\u00e4ufe<\/p>\n<p><strong>Kaliber:\u00a0<\/strong>.425 African Scheiring \/ .425 African Scheiring<\/p>\n<p><strong>Gravur:\u00a0<\/strong>Feine Engische Arabeskengravur rund angeordnet<\/p>\n<p><strong>Zielfernrohr:\u00a0<\/strong>Scheiring Schwenkmontage Swarovski Z8i 1-8&#215;24<\/p>\n<p><strong>Schaftholz:\u00a0<\/strong>Luxusmaserholz<\/p>\n<p>Waffe und Zubeh\u00f6r im Ma\u00dfkoffer<\/p>","protected":false},"excerpt":{"rendered":"<p>SOLD System:\u00a0Scheiring Blockdoppelb\u00fcchse Roundbody Einabzug f\u00fcr beide L\u00e4ufe Kaliber:\u00a0.425 African Scheiring \/ .425 African Scheiring Gravur:\u00a0Feine Engische Arabeskengravur rund angeordnet Zielfernrohr:\u00a0Scheiring Schwenkmontage Swarovski Z8i 1-8&#215;24 Schaftholz:\u00a0Luxusmaserholz Waffe und Zubeh\u00f6r im Ma\u00dfkoffer<\/p>","protected":false},"featured_media":1086,"template":"","meta":{"_et_pb_use_builder":"","_et_pb_old_content":"","_et_gb_content_width":""},"product_brand":[],"product_cat":[29],"product_tag":[],"class_list":{"0":"post-1085","1":"product","2":"type-product","3":"status-publish","4":"has-post-thumbnail","6":"product_cat-gebrauchtwaffen","8":"first","9":"instock","10":"shipping-taxable","11":"product-type-simple"},"_links":{"self":[{"href":"https:\/\/www.jagdwaffen-scheiring.at\/en\/wp-json\/wp\/v2\/product\/1085","targetHints":{"allow":["GET"]}}],"collection":[{"href":"https:\/\/www.jagdwaffen-scheiring.at\/en\/wp-json\/wp\/v2\/product"}],"about":[{"href":"https:\/\/www.jagdwaffen-scheiring.at\/en\/wp-json\/wp\/v2\/types\/product"}],"wp:featuredmedia":[{"embeddable":true,"href":"https:\/\/www.jagdwaffen-scheiring.at\/en\/wp-json\/wp\/v2\/media\/1086"}],"wp:attachment":[{"href":"https:\/\/www.jagdwaffen-scheiring.at\/en\/wp-json\/wp\/v2\/media?parent=1085"}],"wp:term":[{"taxonomy":"product_brand","embeddable":true,"href":"https:\/\/www.jagdwaffen-scheiring.at\/en\/wp-json\/wp\/v2\/product_brand?post=1085"},{"taxonomy":"product_cat","embeddable":true,"href":"https:\/\/www.jagdwaffen-scheiring.at\/en\/wp-json\/wp\/v2\/product_cat?post=1085"},{"taxonomy":"product_tag","embeddable":true,"href":"https:\/\/www.jagdwaffen-scheiring.at\/en\/wp-json\/wp\/v2\/product_tag?post=1085"}],"curies":[{"name":"wp","href":"https:\/\/api.w.org\/{rel}","templated":true}]}}