{"id":1253,"date":"2023-06-19T11:41:33","date_gmt":"2023-06-19T09:41:33","guid":{"rendered":"https:\/\/www.jagdwaffen-scheiring.at\/?post_type=product&#038;p=1253"},"modified":"2025-12-18T10:38:18","modified_gmt":"2025-12-18T09:38:18","slug":"40-pirschstutzen-65-creedmoor-wl-85-x-75","status":"publish","type":"product","link":"https:\/\/www.jagdwaffen-scheiring.at\/en\/product\/40-pirschstutzen-65-creedmoor-wl-85-x-75\/","title":{"rendered":"40 &#8211; Pirschstutzen  6,5 Creedmoor  WL 8,5X75R Scheiring"},"content":{"rendered":"<p><strong>SOLD<\/strong><\/p>\n<p><strong>System:<\/strong> Scheiring Pirschstutzen mit neuem Handspannersystem<\/p>\n<p><strong>Kaliber:<\/strong> 6,5 Creedmoor<\/p>\n<p><strong>Wechsellauf:<\/strong> 8,5X75R Scheiring<\/p>\n<p><strong>Schaft:<\/strong> Nu\u00dfbaum Wurzelholzschaft mit Schuppenfischhaut<\/p>\n<p><strong>Gravur:<\/strong> Tiefgestochene Tierst\u00fcckgravur, altdeutsche Arabeskenerg\u00e4nzung, Goldfaden mit Einrollungen<\/p>\n<p>Deutscher Stecher<\/p>","protected":false},"excerpt":{"rendered":"<p>SOLD System: Scheiring Pirschstutzen mit neuem Handspannersystem Kaliber: 6,5 Creedmoor Wechsellauf: 8,5X75R Scheiring Schaft: Nu\u00dfbaum Wurzelholzschaft mit Schuppenfischhaut Gravur: Tiefgestochene Tierst\u00fcckgravur, altdeutsche Arabeskenerg\u00e4nzung, Goldfaden mit Einrollungen Deutscher Stecher<\/p>","protected":false},"featured_media":1322,"template":"","meta":{"_et_pb_use_builder":"","_et_pb_old_content":"","_et_gb_content_width":""},"product_brand":[],"product_cat":[29],"product_tag":[],"class_list":{"0":"post-1253","1":"product","2":"type-product","3":"status-publish","4":"has-post-thumbnail","6":"product_cat-gebrauchtwaffen","8":"first","9":"instock","10":"shipping-taxable","11":"product-type-simple"},"_links":{"self":[{"href":"https:\/\/www.jagdwaffen-scheiring.at\/en\/wp-json\/wp\/v2\/product\/1253","targetHints":{"allow":["GET"]}}],"collection":[{"href":"https:\/\/www.jagdwaffen-scheiring.at\/en\/wp-json\/wp\/v2\/product"}],"about":[{"href":"https:\/\/www.jagdwaffen-scheiring.at\/en\/wp-json\/wp\/v2\/types\/product"}],"wp:featuredmedia":[{"embeddable":true,"href":"https:\/\/www.jagdwaffen-scheiring.at\/en\/wp-json\/wp\/v2\/media\/1322"}],"wp:attachment":[{"href":"https:\/\/www.jagdwaffen-scheiring.at\/en\/wp-json\/wp\/v2\/media?parent=1253"}],"wp:term":[{"taxonomy":"product_brand","embeddable":true,"href":"https:\/\/www.jagdwaffen-scheiring.at\/en\/wp-json\/wp\/v2\/product_brand?post=1253"},{"taxonomy":"product_cat","embeddable":true,"href":"https:\/\/www.jagdwaffen-scheiring.at\/en\/wp-json\/wp\/v2\/product_cat?post=1253"},{"taxonomy":"product_tag","embeddable":true,"href":"https:\/\/www.jagdwaffen-scheiring.at\/en\/wp-json\/wp\/v2\/product_tag?post=1253"}],"curies":[{"name":"wp","href":"https:\/\/api.w.org\/{rel}","templated":true}]}}