{"id":1433,"date":"2024-04-07T11:11:57","date_gmt":"2024-04-07T09:11:57","guid":{"rendered":"https:\/\/www.jagdwaffen-scheiring.at\/?post_type=product&#038;p=1433"},"modified":"2025-04-14T16:41:58","modified_gmt":"2025-04-14T14:41:58","slug":"47-scheiring-bergstutzen-mit-pirschstutzen-wechsellauf","status":"publish","type":"product","link":"https:\/\/www.jagdwaffen-scheiring.at\/en\/product\/47-scheiring-bergstutzen-mit-pirschstutzen-wechsellauf\/","title":{"rendered":"47 &#8211; Scheiring Bergstutzen mit Pirschstutzen &#8211; Wechsellauf"},"content":{"rendered":"<p><strong>System:<\/strong> Scheiring Bergstutzen mit Pirschstutzen &#8211; Wechsellauf<\/p>\n<p><strong>Kaliber:\u00a0 <\/strong>\u00a06 x 50 R Scheiring \/ kleine Kugel 22 Winchester Magnum<\/p>\n<p><strong>Zielfernrohr: <\/strong>Swarovski Z6i 2-12&#215;50 mit Ballistik Turm<\/p>\n<p><strong>Wechsellauf: <\/strong>.338 Lapua Magnum<\/p>\n<p><strong>Zielfernrohr: <\/strong>Swarovski Z6i 5-30&#215;50 mit Ballistik Turm<\/p>\n<p><strong>Gravur: <\/strong>Umlaufender Silberfaden mit Fahnen auf den Seitenplatten. System seidenmatt gl\u00e4nzend schwarz oxidiert. Am Bask\u00fcl massiv plastisch eingelegte Troph\u00e4en in Silber.<strong><br \/>\n<\/strong><\/p>\n<p><strong>Schaft:<\/strong> Extrem fein gemaserter Vogelaugen Nu\u00dfholz Wurzelschaft.<\/p>","protected":false},"excerpt":{"rendered":"<p>System: Scheiring Bergstutzen mit Pirschstutzen &#8211; Wechsellauf Kaliber:\u00a0 \u00a06 x 50 R Scheiring \/ kleine Kugel 22 Winchester Magnum Zielfernrohr: Swarovski Z6i 2-12&#215;50 mit Ballistik Turm Wechsellauf: .338 Lapua Magnum Zielfernrohr: Swarovski Z6i 5-30&#215;50 mit Ballistik Turm Gravur: Umlaufender Silberfaden mit Fahnen auf den Seitenplatten. System seidenmatt gl\u00e4nzend schwarz oxidiert. Am Bask\u00fcl massiv plastisch eingelegte [&hellip;]<\/p>\n","protected":false},"featured_media":1616,"template":"","meta":{"_et_pb_use_builder":"","_et_pb_old_content":"","_et_gb_content_width":""},"product_brand":[],"product_cat":[29],"product_tag":[],"class_list":{"0":"post-1433","1":"product","2":"type-product","3":"status-publish","4":"has-post-thumbnail","6":"product_cat-gebrauchtwaffen","8":"first","9":"instock","10":"shipping-taxable","11":"product-type-simple"},"_links":{"self":[{"href":"https:\/\/www.jagdwaffen-scheiring.at\/en\/wp-json\/wp\/v2\/product\/1433","targetHints":{"allow":["GET"]}}],"collection":[{"href":"https:\/\/www.jagdwaffen-scheiring.at\/en\/wp-json\/wp\/v2\/product"}],"about":[{"href":"https:\/\/www.jagdwaffen-scheiring.at\/en\/wp-json\/wp\/v2\/types\/product"}],"wp:featuredmedia":[{"embeddable":true,"href":"https:\/\/www.jagdwaffen-scheiring.at\/en\/wp-json\/wp\/v2\/media\/1616"}],"wp:attachment":[{"href":"https:\/\/www.jagdwaffen-scheiring.at\/en\/wp-json\/wp\/v2\/media?parent=1433"}],"wp:term":[{"taxonomy":"product_brand","embeddable":true,"href":"https:\/\/www.jagdwaffen-scheiring.at\/en\/wp-json\/wp\/v2\/product_brand?post=1433"},{"taxonomy":"product_cat","embeddable":true,"href":"https:\/\/www.jagdwaffen-scheiring.at\/en\/wp-json\/wp\/v2\/product_cat?post=1433"},{"taxonomy":"product_tag","embeddable":true,"href":"https:\/\/www.jagdwaffen-scheiring.at\/en\/wp-json\/wp\/v2\/product_tag?post=1433"}],"curies":[{"name":"wp","href":"https:\/\/api.w.org\/{rel}","templated":true}]}}