{"id":1734,"date":"2026-01-24T21:40:07","date_gmt":"2026-01-24T20:40:07","guid":{"rendered":"https:\/\/www.jagdwaffen-scheiring.at\/?post_type=product&#038;p=1734"},"modified":"2026-01-28T14:13:45","modified_gmt":"2026-01-28T13:13:45","slug":"66-pirschstutzen-243-win","status":"publish","type":"product","link":"https:\/\/www.jagdwaffen-scheiring.at\/en\/product\/66-pirschstutzen-243-win\/","title":{"rendered":"66 &#8211; Pirschstutzen 243 Win."},"content":{"rendered":"<p><strong>SOLD<\/strong><\/p>\n<p><strong>System:<\/strong> Scheiring Pirschstutzen mit Svemko Schalld\u00e4mpfer Schnellmontage. Deutscher Stecher. Handspanner. Schaftmagazin.<\/p>\n<p><strong>Kaliber:<\/strong> 243 Win. Laufl\u00e4nge 50 cm.<\/p>\n<p><strong>Gravur:<\/strong> Altdeutsche Arabeskengravur mit reichhaltigen Goldfaden-Einlagen.<\/p>\n<p><strong>Schaft:<\/strong> Ausgesprochen sch\u00f6nes Wurzelmaserholz. Schaft mit bayrischer Doppelfalzbacke. Schaftl\u00e4nge 37 cm.<\/p>","protected":false},"excerpt":{"rendered":"<p>SOLD System: Scheiring Pirschstutzen mit Svemko Schalld\u00e4mpfer Schnellmontage. Deutscher Stecher. Handspanner. Schaftmagazin. Kaliber: 243 Win. Laufl\u00e4nge 50 cm. Gravur: Altdeutsche Arabeskengravur mit reichhaltigen Goldfaden-Einlagen. Schaft: Ausgesprochen sch\u00f6nes Wurzelmaserholz. Schaft mit bayrischer Doppelfalzbacke. Schaftl\u00e4nge 37 cm.<\/p>","protected":false},"featured_media":1804,"template":"","meta":{"_et_pb_use_builder":"","_et_pb_old_content":"","_et_gb_content_width":""},"product_brand":[],"product_cat":[29],"product_tag":[],"class_list":{"0":"post-1734","1":"product","2":"type-product","3":"status-publish","4":"has-post-thumbnail","6":"product_cat-gebrauchtwaffen","8":"first","9":"instock","10":"shipping-taxable","11":"product-type-simple"},"_links":{"self":[{"href":"https:\/\/www.jagdwaffen-scheiring.at\/en\/wp-json\/wp\/v2\/product\/1734","targetHints":{"allow":["GET"]}}],"collection":[{"href":"https:\/\/www.jagdwaffen-scheiring.at\/en\/wp-json\/wp\/v2\/product"}],"about":[{"href":"https:\/\/www.jagdwaffen-scheiring.at\/en\/wp-json\/wp\/v2\/types\/product"}],"wp:featuredmedia":[{"embeddable":true,"href":"https:\/\/www.jagdwaffen-scheiring.at\/en\/wp-json\/wp\/v2\/media\/1804"}],"wp:attachment":[{"href":"https:\/\/www.jagdwaffen-scheiring.at\/en\/wp-json\/wp\/v2\/media?parent=1734"}],"wp:term":[{"taxonomy":"product_brand","embeddable":true,"href":"https:\/\/www.jagdwaffen-scheiring.at\/en\/wp-json\/wp\/v2\/product_brand?post=1734"},{"taxonomy":"product_cat","embeddable":true,"href":"https:\/\/www.jagdwaffen-scheiring.at\/en\/wp-json\/wp\/v2\/product_cat?post=1734"},{"taxonomy":"product_tag","embeddable":true,"href":"https:\/\/www.jagdwaffen-scheiring.at\/en\/wp-json\/wp\/v2\/product_tag?post=1734"}],"curies":[{"name":"wp","href":"https:\/\/api.w.org\/{rel}","templated":true}]}}