{"id":1745,"date":"2026-01-24T21:44:14","date_gmt":"2026-01-24T20:44:14","guid":{"rendered":"https:\/\/www.jagdwaffen-scheiring.at\/?post_type=product&#038;p=1745"},"modified":"2026-01-24T21:56:25","modified_gmt":"2026-01-24T20:56:25","slug":"67-bergstutzen-mit-pirschstutzen-wechsellauf","status":"publish","type":"product","link":"https:\/\/www.jagdwaffen-scheiring.at\/en\/product\/67-bergstutzen-mit-pirschstutzen-wechsellauf\/","title":{"rendered":"67 &#8211; Bergstutzen mit Pirschstutzen Wechsellauf"},"content":{"rendered":"<p><strong>System:<\/strong> Scheiring Bergstutzen\u00a0 mit Pirschstutzen Wechsellauf\u00a0 mit Handspanner und Deutscher Stecher. Scheiring Schwenkmontage. Pirschstutzen vorbereitet f\u00fcr Svenko Schalld\u00e4mpfer.<\/p>\n<p><strong>Kaliber:<\/strong> 6mm Remington \/ 22 Hornet. Laufl\u00e4nge 60 Zentimeter.<\/p>\n<p><strong>Wechsellauf Kaliber:\u00a0 <\/strong>7mm Remington Magnum. Laufl\u00e4nge 60 Zentimeter.<\/p>\n<p><strong>Gravur:<\/strong> Tiefgestochene Tierst\u00fcckgravur mit altdeutscher Arabeskenerg\u00e4nzung und sehr feinen Goldfaden-Einlagen.<\/p>\n<p><strong>Schaft:<\/strong> Schaft mit bayrischer Doppelfalzbacke und Schuppenfischhaut. Schaftl\u00e4nge 37,5 Zentimeter.<\/p>","protected":false},"excerpt":{"rendered":"<p>System: Scheiring Bergstutzen\u00a0 mit Pirschstutzen Wechsellauf\u00a0 mit Handspanner und Deutscher Stecher. Scheiring Schwenkmontage. Pirschstutzen vorbereitet f\u00fcr Svenko Schalld\u00e4mpfer. Kaliber: 6mm Remington \/ 22 Hornet. Laufl\u00e4nge 60 Zentimeter. Wechsellauf Kaliber:\u00a0 7mm Remington Magnum. Laufl\u00e4nge 60 Zentimeter. Gravur: Tiefgestochene Tierst\u00fcckgravur mit altdeutscher Arabeskenerg\u00e4nzung und sehr feinen Goldfaden-Einlagen. Schaft: Schaft mit bayrischer Doppelfalzbacke und Schuppenfischhaut. Schaftl\u00e4nge 37,5 Zentimeter.<\/p>","protected":false},"featured_media":1765,"template":"","meta":{"_et_pb_use_builder":"","_et_pb_old_content":"","_et_gb_content_width":""},"product_brand":[],"product_cat":[29],"product_tag":[],"class_list":{"0":"post-1745","1":"product","2":"type-product","3":"status-publish","4":"has-post-thumbnail","6":"product_cat-gebrauchtwaffen","8":"first","9":"instock","10":"shipping-taxable","11":"product-type-simple"},"_links":{"self":[{"href":"https:\/\/www.jagdwaffen-scheiring.at\/en\/wp-json\/wp\/v2\/product\/1745","targetHints":{"allow":["GET"]}}],"collection":[{"href":"https:\/\/www.jagdwaffen-scheiring.at\/en\/wp-json\/wp\/v2\/product"}],"about":[{"href":"https:\/\/www.jagdwaffen-scheiring.at\/en\/wp-json\/wp\/v2\/types\/product"}],"wp:featuredmedia":[{"embeddable":true,"href":"https:\/\/www.jagdwaffen-scheiring.at\/en\/wp-json\/wp\/v2\/media\/1765"}],"wp:attachment":[{"href":"https:\/\/www.jagdwaffen-scheiring.at\/en\/wp-json\/wp\/v2\/media?parent=1745"}],"wp:term":[{"taxonomy":"product_brand","embeddable":true,"href":"https:\/\/www.jagdwaffen-scheiring.at\/en\/wp-json\/wp\/v2\/product_brand?post=1745"},{"taxonomy":"product_cat","embeddable":true,"href":"https:\/\/www.jagdwaffen-scheiring.at\/en\/wp-json\/wp\/v2\/product_cat?post=1745"},{"taxonomy":"product_tag","embeddable":true,"href":"https:\/\/www.jagdwaffen-scheiring.at\/en\/wp-json\/wp\/v2\/product_tag?post=1745"}],"curies":[{"name":"wp","href":"https:\/\/api.w.org\/{rel}","templated":true}]}}